{"id":1373,"date":"2021-03-22T03:25:32","date_gmt":"2021-03-22T02:25:32","guid":{"rendered":"http:\/\/peqinvest.com\/?page_id=1373"},"modified":"2024-08-23T10:01:38","modified_gmt":"2024-08-23T08:01:38","slug":"partners","status":"publish","type":"page","link":"https:\/\/peqinvest.com\/sv\/partners\/","title":{"rendered":"Partners"},"content":{"rendered":"<div data-elementor-type=\"wp-page\" data-elementor-id=\"1373\" class=\"elementor elementor-1373\" data-elementor-post-type=\"page\">\n\t\t\t\t\t\t<section class=\"elementor-section elementor-top-section elementor-element elementor-element-9ea8d3a elementor-section-boxed elementor-section-height-default elementor-section-height-default\" data-id=\"9ea8d3a\" data-element_type=\"section\">\n\t\t\t\t\t\t<div class=\"elementor-container elementor-column-gap-default\">\n\t\t\t\t\t<div class=\"elementor-column elementor-col-100 elementor-top-column elementor-element elementor-element-b356cb9\" data-id=\"b356cb9\" data-element_type=\"column\">\n\t\t\t<div class=\"elementor-widget-wrap elementor-element-populated\">\n\t\t\t\t\t\t<div class=\"elementor-element elementor-element-2744581 elementor-hidden-phone elementor-widget elementor-widget-heading\" data-id=\"2744581\" data-element_type=\"widget\" data-widget_type=\"heading.default\">\n\t\t\t\t<div class=\"elementor-widget-container\">\n\t\t\t<h1 class=\"elementor-heading-title elementor-size-default\">En p\u00e5litlig partner med ett starkt n\u00e4tverk<\/h1>\t\t<\/div>\n\t\t\t\t<\/div>\n\t\t\t\t<div class=\"elementor-element elementor-element-417ff15 elementor-hidden-desktop elementor-hidden-tablet elementor-widget elementor-widget-heading\" data-id=\"417ff15\" data-element_type=\"widget\" data-widget_type=\"heading.default\">\n\t\t\t\t<div class=\"elementor-widget-container\">\n\t\t\t<h1 class=\"elementor-heading-title elementor-size-default\">En p\u00e5litlig partner med ett starkt n\u00e4tverk<\/h1>\t\t<\/div>\n\t\t\t\t<\/div>\n\t\t\t\t\t<\/div>\n\t\t<\/div>\n\t\t\t\t\t<\/div>\n\t\t<\/section>\n\t\t\t\t<section class=\"elementor-section elementor-top-section elementor-element elementor-element-1b8e571 elementor-section-boxed elementor-section-height-default elementor-section-height-default\" data-id=\"1b8e571\" data-element_type=\"section\">\n\t\t\t\t\t\t<div class=\"elementor-container elementor-column-gap-default\">\n\t\t\t\t\t<div class=\"elementor-column elementor-col-100 elementor-top-column elementor-element elementor-element-f9d6198\" data-id=\"f9d6198\" data-element_type=\"column\">\n\t\t\t<div class=\"elementor-widget-wrap elementor-element-populated\">\n\t\t\t\t\t\t<div class=\"elementor-element elementor-element-930e000 elementor-widget elementor-widget-text-editor\" data-id=\"930e000\" data-element_type=\"widget\" data-widget_type=\"text-editor.default\">\n\t\t\t\t<div class=\"elementor-widget-container\">\n\t\t\t\t\t\t\t<p>Som en ledande investerare i svenska sm\u00e5bolag sedan 2008 har PEQ byggt ett omfattande nationellt investerarn\u00e4tverk och \u00e4r en l\u00e5ngvarig partner f\u00f6r institutioner och andra nyckelakt\u00f6rer. Vi samarbetar med och \u00e4r medlemmar i olika branschinitiativ.<\/p>\t\t\t\t\t\t<\/div>\n\t\t\t\t<\/div>\n\t\t\t\t<div class=\"elementor-element elementor-element-58f6225 elementor-widget elementor-widget-spacer\" data-id=\"58f6225\" data-element_type=\"widget\" data-widget_type=\"spacer.default\">\n\t\t\t\t<div class=\"elementor-widget-container\">\n\t\t\t\t\t<div class=\"elementor-spacer\">\n\t\t\t<div class=\"elementor-spacer-inner\"><\/div>\n\t\t<\/div>\n\t\t\t\t<\/div>\n\t\t\t\t<\/div>\n\t\t\t\t\t<\/div>\n\t\t<\/div>\n\t\t\t\t\t<\/div>\n\t\t<\/section>\n\t\t\t\t<section class=\"elementor-section elementor-top-section elementor-element elementor-element-569a81e elementor-hidden-phone elementor-section-boxed elementor-section-height-default elementor-section-height-default\" data-id=\"569a81e\" data-element_type=\"section\" data-settings=\"{&quot;background_background&quot;:&quot;classic&quot;}\">\n\t\t\t\t\t\t<div class=\"elementor-container elementor-column-gap-default\">\n\t\t\t\t\t<div class=\"elementor-column elementor-col-33 elementor-top-column elementor-element elementor-element-505a197\" data-id=\"505a197\" data-element_type=\"column\">\n\t\t\t<div class=\"elementor-widget-wrap elementor-element-populated\">\n\t\t\t\t\t\t<div class=\"elementor-element elementor-element-5e063eb elementor-widget elementor-widget-spacer\" data-id=\"5e063eb\" data-element_type=\"widget\" data-widget_type=\"spacer.default\">\n\t\t\t\t<div class=\"elementor-widget-container\">\n\t\t\t\t\t<div class=\"elementor-spacer\">\n\t\t\t<div class=\"elementor-spacer-inner\"><\/div>\n\t\t<\/div>\n\t\t\t\t<\/div>\n\t\t\t\t<\/div>\n\t\t\t\t<div class=\"elementor-element elementor-element-38cf926 elementor-widget elementor-widget-image\" data-id=\"38cf926\" data-element_type=\"widget\" data-widget_type=\"image.default\">\n\t\t\t\t<div class=\"elementor-widget-container\">\n\t\t\t\t\t\t\t\t\t\t\t\t\t<img decoding=\"async\" width=\"300\" height=\"72\" src=\"https:\/\/peqinvest.com\/wp-content\/uploads\/2021\/02\/peq-invest-vit-logotyp-1.png\" class=\"attachment-large size-large wp-image-695\" alt=\"\" \/>\t\t\t\t\t\t\t\t\t\t\t\t\t<\/div>\n\t\t\t\t<\/div>\n\t\t\t\t<div class=\"elementor-element elementor-element-b1e5d7a elementor-widget elementor-widget-spacer\" data-id=\"b1e5d7a\" data-element_type=\"widget\" data-widget_type=\"spacer.default\">\n\t\t\t\t<div class=\"elementor-widget-container\">\n\t\t\t\t\t<div class=\"elementor-spacer\">\n\t\t\t<div class=\"elementor-spacer-inner\"><\/div>\n\t\t<\/div>\n\t\t\t\t<\/div>\n\t\t\t\t<\/div>\n\t\t\t\t\t<\/div>\n\t\t<\/div>\n\t\t\t\t<div class=\"elementor-column elementor-col-33 elementor-top-column elementor-element elementor-element-493c9f8\" data-id=\"493c9f8\" data-element_type=\"column\">\n\t\t\t<div class=\"elementor-widget-wrap elementor-element-populated\">\n\t\t\t\t\t\t<div class=\"elementor-element elementor-element-4d8d256 elementor-widget elementor-widget-spacer\" data-id=\"4d8d256\" data-element_type=\"widget\" data-widget_type=\"spacer.default\">\n\t\t\t\t<div class=\"elementor-widget-container\">\n\t\t\t\t\t<div class=\"elementor-spacer\">\n\t\t\t<div class=\"elementor-spacer-inner\"><\/div>\n\t\t<\/div>\n\t\t\t\t<\/div>\n\t\t\t\t<\/div>\n\t\t\t\t<div class=\"elementor-element elementor-element-c5d73b8 elementor-widget elementor-widget-heading\" data-id=\"c5d73b8\" data-element_type=\"widget\" data-widget_type=\"heading.default\">\n\t\t\t\t<div class=\"elementor-widget-container\">\n\t\t\t<h2 class=\"elementor-heading-title elementor-size-default\">PEQ Invest<\/h2>\t\t<\/div>\n\t\t\t\t<\/div>\n\t\t\t\t<div class=\"elementor-element elementor-element-c125929 elementor-widget elementor-widget-text-editor\" data-id=\"c125929\" data-element_type=\"widget\" data-widget_type=\"text-editor.default\">\n\t\t\t\t<div class=\"elementor-widget-container\">\n\t\t\t\t\t\t\t<p><a href=\"https:\/\/peqinvest.com\/sv\/about-peq\/\">Om PEQ<\/a><\/p><p><a href=\"https:\/\/peqinvest.com\/sv\/impact-investment\/\">Impact Investment<\/a><\/p><p><a href=\"https:\/\/peqinvest.com\/sv\/portfolio-companies\/\">Portf\u00f6ljbolag<\/a><\/p><p><a href=\"https:\/\/peqinvest.com\/sv\/news\/\">Nyheter<\/a><\/p><p><a href=\"https:\/\/peqinvest.com\/sv\/contact\/\">Kontakt<\/a><\/p>\t\t\t\t\t\t<\/div>\n\t\t\t\t<\/div>\n\t\t\t\t<div class=\"elementor-element elementor-element-061b040 elementor-widget elementor-widget-spacer\" data-id=\"061b040\" data-element_type=\"widget\" data-widget_type=\"spacer.default\">\n\t\t\t\t<div class=\"elementor-widget-container\">\n\t\t\t\t\t<div class=\"elementor-spacer\">\n\t\t\t<div class=\"elementor-spacer-inner\"><\/div>\n\t\t<\/div>\n\t\t\t\t<\/div>\n\t\t\t\t<\/div>\n\t\t\t\t\t<\/div>\n\t\t<\/div>\n\t\t\t\t<div class=\"elementor-column elementor-col-33 elementor-top-column elementor-element elementor-element-a48570c\" data-id=\"a48570c\" data-element_type=\"column\">\n\t\t\t<div class=\"elementor-widget-wrap elementor-element-populated\">\n\t\t\t\t\t\t<div class=\"elementor-element elementor-element-a774880 elementor-widget elementor-widget-spacer\" data-id=\"a774880\" data-element_type=\"widget\" data-widget_type=\"spacer.default\">\n\t\t\t\t<div class=\"elementor-widget-container\">\n\t\t\t\t\t<div class=\"elementor-spacer\">\n\t\t\t<div class=\"elementor-spacer-inner\"><\/div>\n\t\t<\/div>\n\t\t\t\t<\/div>\n\t\t\t\t<\/div>\n\t\t\t\t<div class=\"elementor-element elementor-element-8d00471 elementor-widget elementor-widget-heading\" data-id=\"8d00471\" data-element_type=\"widget\" data-widget_type=\"heading.default\">\n\t\t\t\t<div class=\"elementor-widget-container\">\n\t\t\t<h2 class=\"elementor-heading-title elementor-size-default\">Kontakt<\/h2>\t\t<\/div>\n\t\t\t\t<\/div>\n\t\t\t\t<div class=\"elementor-element elementor-element-68d0428 elementor-widget elementor-widget-text-editor\" data-id=\"68d0428\" data-element_type=\"widget\" data-widget_type=\"text-editor.default\">\n\t\t\t\t<div class=\"elementor-widget-container\">\n\t\t\t\t\t\t\t<p>M\u00e4ster Samuelsgatan 20, v\u00e5ning 8<\/p><p><span style=\"font-size: 1rem;\">Box 3902,\u00a0<\/span>111 44 Stockholm<\/p><p><span style=\"font-style: inherit; font-weight: inherit;\">\u00a0<\/span><\/p><p><span style=\"font-style: inherit; font-weight: inherit;\">Telefon: +46 8 124 56 100<\/span><\/p><p>E-post: info@peqab.se<\/p>\t\t\t\t\t\t<\/div>\n\t\t\t\t<\/div>\n\t\t\t\t<div class=\"elementor-element elementor-element-6972431 elementor-view-default elementor-widget elementor-widget-icon\" data-id=\"6972431\" data-element_type=\"widget\" data-widget_type=\"icon.default\">\n\t\t\t\t<div class=\"elementor-widget-container\">\n\t\t\t\t\t<div class=\"elementor-icon-wrapper\">\n\t\t\t<a class=\"elementor-icon\" href=\"https:\/\/www.linkedin.com\/company\/peq-invest\">\n\t\t\t<i aria-hidden=\"true\" class=\"fab fa-linkedin-in\"><\/i>\t\t\t<\/a>\n\t\t<\/div>\n\t\t\t\t<\/div>\n\t\t\t\t<\/div>\n\t\t\t\t<div class=\"elementor-element elementor-element-8f4356a elementor-widget elementor-widget-spacer\" data-id=\"8f4356a\" data-element_type=\"widget\" data-widget_type=\"spacer.default\">\n\t\t\t\t<div class=\"elementor-widget-container\">\n\t\t\t\t\t<div class=\"elementor-spacer\">\n\t\t\t<div class=\"elementor-spacer-inner\"><\/div>\n\t\t<\/div>\n\t\t\t\t<\/div>\n\t\t\t\t<\/div>\n\t\t\t\t\t<\/div>\n\t\t<\/div>\n\t\t\t\t\t<\/div>\n\t\t<\/section>\n\t\t\t\t<section class=\"elementor-section elementor-top-section elementor-element elementor-element-7e18271 elementor-hidden-desktop elementor-hidden-tablet elementor-section-boxed elementor-section-height-default elementor-section-height-default\" data-id=\"7e18271\" data-element_type=\"section\" data-settings=\"{&quot;background_background&quot;:&quot;classic&quot;}\">\n\t\t\t\t\t\t<div class=\"elementor-container elementor-column-gap-default\">\n\t\t\t\t\t<div class=\"elementor-column elementor-col-50 elementor-top-column elementor-element elementor-element-6bcc2f0\" data-id=\"6bcc2f0\" data-element_type=\"column\">\n\t\t\t<div class=\"elementor-widget-wrap elementor-element-populated\">\n\t\t\t\t\t\t<div class=\"elementor-element elementor-element-8849353 elementor-widget elementor-widget-spacer\" data-id=\"8849353\" data-element_type=\"widget\" data-widget_type=\"spacer.default\">\n\t\t\t\t<div class=\"elementor-widget-container\">\n\t\t\t\t\t<div class=\"elementor-spacer\">\n\t\t\t<div class=\"elementor-spacer-inner\"><\/div>\n\t\t<\/div>\n\t\t\t\t<\/div>\n\t\t\t\t<\/div>\n\t\t\t\t<div class=\"elementor-element elementor-element-5831597 elementor-widget elementor-widget-heading\" data-id=\"5831597\" data-element_type=\"widget\" data-widget_type=\"heading.default\">\n\t\t\t\t<div class=\"elementor-widget-container\">\n\t\t\t<h2 class=\"elementor-heading-title elementor-size-default\">PEQ Invest                <\/h2>\t\t<\/div>\n\t\t\t\t<\/div>\n\t\t\t\t\t<\/div>\n\t\t<\/div>\n\t\t\t\t<div class=\"elementor-column elementor-col-50 elementor-top-column elementor-element elementor-element-e73ca77\" data-id=\"e73ca77\" data-element_type=\"column\">\n\t\t\t<div class=\"elementor-widget-wrap elementor-element-populated\">\n\t\t\t\t\t\t<div class=\"elementor-element elementor-element-02ca73a elementor-widget elementor-widget-text-editor\" data-id=\"02ca73a\" data-element_type=\"widget\" data-widget_type=\"text-editor.default\">\n\t\t\t\t<div class=\"elementor-widget-container\">\n\t\t\t\t\t\t\t<p><a href=\"https:\/\/peqinvest.com\/sv\/about-peq\/\">Om PEQ<\/a><\/p><p><a href=\"https:\/\/peqinvest.com\/sv\/impact-investment\/\">Impact Investment<\/a><\/p><p><a href=\"https:\/\/peqinvest.com\/sv\/portfolio-companies\/\">Portf\u00f6ljbolag<\/a><\/p><p><a href=\"https:\/\/peqinvest.com\/sv\/news\/\">Nyheter<\/a><\/p><p><a href=\"https:\/\/peqinvest.com\/sv\/contact\/\">Kontakt<\/a><\/p>\t\t\t\t\t\t<\/div>\n\t\t\t\t<\/div>\n\t\t\t\t<div class=\"elementor-element elementor-element-9941a2f elementor-widget elementor-widget-heading\" data-id=\"9941a2f\" data-element_type=\"widget\" data-widget_type=\"heading.default\">\n\t\t\t\t<div class=\"elementor-widget-container\">\n\t\t\t<h2 class=\"elementor-heading-title elementor-size-default\">Kontakt<\/h2>\t\t<\/div>\n\t\t\t\t<\/div>\n\t\t\t\t<div class=\"elementor-element elementor-element-41a5cc7 elementor-widget elementor-widget-text-editor\" data-id=\"41a5cc7\" data-element_type=\"widget\" data-widget_type=\"text-editor.default\">\n\t\t\t\t<div class=\"elementor-widget-container\">\n\t\t\t\t\t\t\t<p class=\"font_8 wixui-rich-text__text\"><span class=\"wixui-rich-text__text\"><span class=\"color_39 wixui-rich-text__text\">M\u00e4ster Samuelsgatan 20, v\u00e5ning 8<\/span><\/span><\/p><p class=\"font_8 wixui-rich-text__text\"><span class=\"wixui-rich-text__text\"><span class=\"color_39 wixui-rich-text__text\">Box 3902, 111 44 Stockholm<\/span><\/span><\/p><p>\u00a0<\/p><p>Telefon: +46 8 124 56 100<\/p><p>E-post: info@peqab.se<\/p>\t\t\t\t\t\t<\/div>\n\t\t\t\t<\/div>\n\t\t\t\t<div class=\"elementor-element elementor-element-fbfa704 elementor-view-default elementor-widget elementor-widget-icon\" data-id=\"fbfa704\" data-element_type=\"widget\" data-widget_type=\"icon.default\">\n\t\t\t\t<div class=\"elementor-widget-container\">\n\t\t\t\t\t<div class=\"elementor-icon-wrapper\">\n\t\t\t<a class=\"elementor-icon\" href=\"https:\/\/www.linkedin.com\/company\/peq-invest\">\n\t\t\t<i aria-hidden=\"true\" class=\"fab fa-linkedin-in\"><\/i>\t\t\t<\/a>\n\t\t<\/div>\n\t\t\t\t<\/div>\n\t\t\t\t<\/div>\n\t\t\t\t\t<\/div>\n\t\t<\/div>\n\t\t\t\t\t<\/div>\n\t\t<\/section>\n\t\t\t\t<\/div>","protected":false},"excerpt":{"rendered":"<p>A trusted partner with a strong network A trusted partner with a strong network As a leading small cap investor since 2008, PEQ has built an extensive national investor network and is a longstanding partner of institutions and other key players. We also cooperate and are members of various industry initiatives. PEQ Invest About PEQ &hellip;<\/p>\n<p class=\"read-more\"> <a class=\"\" href=\"https:\/\/peqinvest.com\/sv\/partners\/\"> <span class=\"screen-reader-text\">Partners<\/span> L\u00e4s mer &raquo;<\/a><\/p>","protected":false},"author":200907758,"featured_media":0,"parent":0,"menu_order":0,"comment_status":"closed","ping_status":"closed","template":"","meta":{"_coblocks_attr":"","_coblocks_dimensions":"","_coblocks_responsive_height":"","_coblocks_accordion_ie_support":"","_monsterinsights_skip_tracking":false,"_monsterinsights_sitenote_active":false,"_monsterinsights_sitenote_note":"","_monsterinsights_sitenote_category":0,"_starter_page_template":""},"yoast_head":"<!-- This site is optimized with the Yoast SEO plugin v17.1 - https:\/\/yoast.com\/wordpress\/plugins\/seo\/ -->\n<title>Partners - PEQ Invest<\/title>\n<meta name=\"robots\" content=\"index, follow, max-snippet:-1, max-image-preview:large, max-video-preview:-1\" \/>\n<link rel=\"canonical\" href=\"https:\/\/peqinvest.com\/sv\/partners\/\" \/>\n<meta property=\"og:locale\" content=\"sv_SE\" \/>\n<meta property=\"og:type\" content=\"article\" \/>\n<meta property=\"og:title\" content=\"Partners - PEQ Invest\" \/>\n<meta property=\"og:description\" content=\"A trusted partner with a strong network A trusted partner with a strong network As a leading small cap investor since 2008, PEQ has built an extensive national investor network and is a longstanding partner of institutions and other key players. We also cooperate and are members of various industry initiatives. PEQ Invest About PEQ &hellip; Partners L\u00e4s mer &raquo;\" \/>\n<meta property=\"og:url\" content=\"https:\/\/peqinvest.com\/sv\/partners\/\" \/>\n<meta property=\"og:site_name\" content=\"PEQ Invest\" \/>\n<meta property=\"article:modified_time\" content=\"2024-08-23T08:01:38+00:00\" \/>\n<meta property=\"og:image\" content=\"http:\/\/peqinvest.com\/wp-content\/uploads\/2021\/02\/peq-invest-vit-logotyp-1.png\" \/>\n<meta name=\"twitter:card\" content=\"summary_large_image\" \/>\n<meta name=\"twitter:label1\" content=\"Ber\u00e4knad l\u00e4stid\" \/>\n\t<meta name=\"twitter:data1\" content=\"1 minut\" \/>\n<script type=\"application\/ld+json\" class=\"yoast-schema-graph\">{\"@context\":\"https:\/\/schema.org\",\"@graph\":[{\"@type\":\"Organization\",\"@id\":\"http:\/\/peqinvest.com\/#organization\",\"name\":\"PEQ Invest\",\"url\":\"http:\/\/peqinvest.com\/\",\"sameAs\":[\"https:\/\/www.linkedin.com\/company\/peq-invest\"],\"logo\":{\"@type\":\"ImageObject\",\"@id\":\"http:\/\/peqinvest.com\/#logo\",\"inLanguage\":\"sv-SE\",\"url\":\"https:\/\/peqinvest.com\/wp-content\/uploads\/2021\/03\/PEQ-loggan.png\",\"contentUrl\":\"https:\/\/peqinvest.com\/wp-content\/uploads\/2021\/03\/PEQ-loggan.png\",\"width\":500,\"height\":121,\"caption\":\"PEQ Invest\"},\"image\":{\"@id\":\"http:\/\/peqinvest.com\/#logo\"}},{\"@type\":\"WebSite\",\"@id\":\"http:\/\/peqinvest.com\/#website\",\"url\":\"http:\/\/peqinvest.com\/\",\"name\":\"PEQ Invest\",\"description\":\"At PEQ we carefully invest in businesses that matches our core values which include the development of sustainable solutions and new technology, broken down into the following three themes: cleantech, tech enablement and changing demographics.\",\"publisher\":{\"@id\":\"http:\/\/peqinvest.com\/#organization\"},\"potentialAction\":[{\"@type\":\"SearchAction\",\"target\":{\"@type\":\"EntryPoint\",\"urlTemplate\":\"http:\/\/peqinvest.com\/?s={search_term_string}\"},\"query-input\":\"required name=search_term_string\"}],\"inLanguage\":\"sv-SE\"},{\"@type\":\"ImageObject\",\"@id\":\"https:\/\/peqinvest.com\/partners\/#primaryimage\",\"inLanguage\":\"sv-SE\",\"url\":\"http:\/\/peqinvest.com\/wp-content\/uploads\/2021\/02\/peq-invest-vit-logotyp-1.png\",\"contentUrl\":\"http:\/\/peqinvest.com\/wp-content\/uploads\/2021\/02\/peq-invest-vit-logotyp-1.png\"},{\"@type\":\"WebPage\",\"@id\":\"https:\/\/peqinvest.com\/partners\/#webpage\",\"url\":\"https:\/\/peqinvest.com\/partners\/\",\"name\":\"Partners - PEQ Invest\",\"isPartOf\":{\"@id\":\"http:\/\/peqinvest.com\/#website\"},\"primaryImageOfPage\":{\"@id\":\"https:\/\/peqinvest.com\/partners\/#primaryimage\"},\"datePublished\":\"2021-03-22T02:25:32+00:00\",\"dateModified\":\"2024-08-23T08:01:38+00:00\",\"breadcrumb\":{\"@id\":\"https:\/\/peqinvest.com\/partners\/#breadcrumb\"},\"inLanguage\":\"sv-SE\",\"potentialAction\":[{\"@type\":\"ReadAction\",\"target\":[\"https:\/\/peqinvest.com\/partners\/\"]}]},{\"@type\":\"BreadcrumbList\",\"@id\":\"https:\/\/peqinvest.com\/partners\/#breadcrumb\",\"itemListElement\":[{\"@type\":\"ListItem\",\"position\":1,\"name\":\"Home\",\"item\":\"https:\/\/peqinvest.com\/\"},{\"@type\":\"ListItem\",\"position\":2,\"name\":\"Partners\"}]}]}<\/script>\n<!-- \/ Yoast SEO plugin. -->","yoast_head_json":{"title":"Partners - PEQ Invest","robots":{"index":"index","follow":"follow","max-snippet":"max-snippet:-1","max-image-preview":"max-image-preview:large","max-video-preview":"max-video-preview:-1"},"canonical":"https:\/\/peqinvest.com\/sv\/partners\/","og_locale":"sv_SE","og_type":"article","og_title":"Partners - PEQ Invest","og_description":"A trusted partner with a strong network A trusted partner with a strong network As a leading small cap investor since 2008, PEQ has built an extensive national investor network and is a longstanding partner of institutions and other key players. We also cooperate and are members of various industry initiatives. PEQ Invest About PEQ &hellip; Partners L\u00e4s mer &raquo;","og_url":"https:\/\/peqinvest.com\/sv\/partners\/","og_site_name":"PEQ Invest","article_modified_time":"2024-08-23T08:01:38+00:00","og_image":[{"url":"http:\/\/peqinvest.com\/wp-content\/uploads\/2021\/02\/peq-invest-vit-logotyp-1.png"}],"twitter_card":"summary_large_image","twitter_misc":{"Ber\u00e4knad l\u00e4stid":"1 minut"},"schema":{"@context":"https:\/\/schema.org","@graph":[{"@type":"Organization","@id":"http:\/\/peqinvest.com\/#organization","name":"PEQ Invest","url":"http:\/\/peqinvest.com\/","sameAs":["https:\/\/www.linkedin.com\/company\/peq-invest"],"logo":{"@type":"ImageObject","@id":"http:\/\/peqinvest.com\/#logo","inLanguage":"sv-SE","url":"https:\/\/peqinvest.com\/wp-content\/uploads\/2021\/03\/PEQ-loggan.png","contentUrl":"https:\/\/peqinvest.com\/wp-content\/uploads\/2021\/03\/PEQ-loggan.png","width":500,"height":121,"caption":"PEQ Invest"},"image":{"@id":"http:\/\/peqinvest.com\/#logo"}},{"@type":"WebSite","@id":"http:\/\/peqinvest.com\/#website","url":"http:\/\/peqinvest.com\/","name":"PEQ Invest","description":"At PEQ we carefully invest in businesses that matches our core values which include the development of sustainable solutions and new technology, broken down into the following three themes: cleantech, tech enablement and changing demographics.","publisher":{"@id":"http:\/\/peqinvest.com\/#organization"},"potentialAction":[{"@type":"SearchAction","target":{"@type":"EntryPoint","urlTemplate":"http:\/\/peqinvest.com\/?s={search_term_string}"},"query-input":"required name=search_term_string"}],"inLanguage":"sv-SE"},{"@type":"ImageObject","@id":"https:\/\/peqinvest.com\/partners\/#primaryimage","inLanguage":"sv-SE","url":"http:\/\/peqinvest.com\/wp-content\/uploads\/2021\/02\/peq-invest-vit-logotyp-1.png","contentUrl":"http:\/\/peqinvest.com\/wp-content\/uploads\/2021\/02\/peq-invest-vit-logotyp-1.png"},{"@type":"WebPage","@id":"https:\/\/peqinvest.com\/partners\/#webpage","url":"https:\/\/peqinvest.com\/partners\/","name":"Partners - PEQ Invest","isPartOf":{"@id":"http:\/\/peqinvest.com\/#website"},"primaryImageOfPage":{"@id":"https:\/\/peqinvest.com\/partners\/#primaryimage"},"datePublished":"2021-03-22T02:25:32+00:00","dateModified":"2024-08-23T08:01:38+00:00","breadcrumb":{"@id":"https:\/\/peqinvest.com\/partners\/#breadcrumb"},"inLanguage":"sv-SE","potentialAction":[{"@type":"ReadAction","target":["https:\/\/peqinvest.com\/partners\/"]}]},{"@type":"BreadcrumbList","@id":"https:\/\/peqinvest.com\/partners\/#breadcrumb","itemListElement":[{"@type":"ListItem","position":1,"name":"Home","item":"https:\/\/peqinvest.com\/"},{"@type":"ListItem","position":2,"name":"Partners"}]}]}},"amp_enabled":true,"_links":{"self":[{"href":"https:\/\/peqinvest.com\/sv\/wp-json\/wp\/v2\/pages\/1373"}],"collection":[{"href":"https:\/\/peqinvest.com\/sv\/wp-json\/wp\/v2\/pages"}],"about":[{"href":"https:\/\/peqinvest.com\/sv\/wp-json\/wp\/v2\/types\/page"}],"author":[{"embeddable":true,"href":"https:\/\/peqinvest.com\/sv\/wp-json\/wp\/v2\/users\/200907758"}],"replies":[{"embeddable":true,"href":"https:\/\/peqinvest.com\/sv\/wp-json\/wp\/v2\/comments?post=1373"}],"version-history":[{"count":12,"href":"https:\/\/peqinvest.com\/sv\/wp-json\/wp\/v2\/pages\/1373\/revisions"}],"predecessor-version":[{"id":4526,"href":"https:\/\/peqinvest.com\/sv\/wp-json\/wp\/v2\/pages\/1373\/revisions\/4526"}],"wp:attachment":[{"href":"https:\/\/peqinvest.com\/sv\/wp-json\/wp\/v2\/media?parent=1373"}],"curies":[{"name":"wp","href":"https:\/\/api.w.org\/{rel}","templated":true}]}}